{"id":1263,"date":"2021-05-27T10:59:17","date_gmt":"2021-05-27T08:59:17","guid":{"rendered":"https:\/\/www.revesdemer.com\/cottage\/?page_id=1263"},"modified":"2021-05-27T10:59:18","modified_gmt":"2021-05-27T08:59:18","slug":"politique-de-confidentialite","status":"publish","type":"page","link":"https:\/\/www.revesdemer.com\/cottage\/politique-de-confidentialite\/","title":{"rendered":"Politique de confidentialit\u00e9"},"content":{"rendered":"<h2 class=\"wp-block-heading\">Protection des donn\u00e9es personnelles<\/h2><p>En conformit\u00e9 avec le&nbsp;<strong>R\u00e8glement G\u00e9n\u00e9ral sur la Protection des Donn\u00e9es (RGPD)<\/strong>&nbsp;entr\u00e9 en vigueur de 25 mai 2018, les utilisateurs du site www.revesdemer.com peuvent contacter le propri\u00e9taire du site par courriel \u00e0 communication.web[at]revesdemer.com ou utiliser le formulaire de contact d\u00e9di\u00e9 \u00e0 la gestion des donn\u00e9es personnelles&nbsp;<a href=\"https:\/\/www.revesdemer.com\/message-en-lien-avec-la-rgpd\/\" target=\"_blank\" rel=\"noreferrer noopener\">en cliquant ici.<\/a><\/p><p>Ce site propose plusieurs formulaires de contact afin de collecter les donn\u00e9es d\u2019un internaute. La soci\u00e9t\u00e9 R\u00eaves de Mer s\u2019engage \u00e0 pr\u00e9server la confidentialit\u00e9 des informations fournies en ligne par l\u2019internaute.<\/p><h2 class=\"wp-block-heading\">Utilisation des donn\u00e9es personnelles collect\u00e9es<\/h2><h3 class=\"wp-block-heading\">Statistiques et mesures d\u2019audience<\/h3><p>La dur\u00e9e de conservation des donn\u00e9es sur les utilisateurs et les \u00e9v\u00e9nements est fix\u00e9e \u00e0 38 mois (Google Analytics). Pour bloquer l\u2019utilisation des donn\u00e9es par Google Analytics :&nbsp;<a href=\"https:\/\/tools.google.com\/dlpage\/gaoptout\" target=\"_blank\" rel=\"noreferrer noopener\">https:\/\/tools.google.com\/dlpage\/gaoptout<\/a><\/p><h3 class=\"wp-block-heading\">Op\u00e9rations de marketing et relations commerciales<\/h3><p>Les donn\u00e9es collect\u00e9es via nos formulaires de contact ont pour objectif de constituer un fichier clients et un fichier de prospects. Les donn\u00e9es sont ainsi utilis\u00e9es de diff\u00e9rentes mani\u00e8res afin de vous envoyer des contenus pertinents et de qualit\u00e9s et\/ou des offres commerciales li\u00e9es \u00e0 notre activit\u00e9 d\u2019op\u00e9rateur de voyages et de s\u00e9jours, ou tout autre information en lien avec notre entreprise.<\/p><ul class=\"wp-block-list\"><li>Via les formulaires de contact pr\u00e9sents dans le footer du site, sur la page d\u2019une activit\u00e9, sur la page d\u2019un centre ou sur la page d\u2019une offre&nbsp;: vos donn\u00e9es sont enregistr\u00e9es dans notre logiciel de gestion des r\u00e9servations afin de traiter votre demande et d\u2019y r\u00e9pondre. Vos donn\u00e9es sont ensuite transf\u00e9r\u00e9es dans notre logiciel d\u2019e-mailings afin de vous envoyer nos diff\u00e9rentes communications.<\/li><li>Via le formulaire d\u2019inscription \u00e0 notre newsletter&nbsp;: vos donn\u00e9es sont enregistr\u00e9es dans la bases de donn\u00e9es du site, puis extraites vers notre logiciel d\u2019e-mailings afin de vous envoyer nos diff\u00e9rentes communications.<\/li><\/ul><p>Afin de prot\u00e9ger au mieux vos donn\u00e9es personnelles, nous limitons leur dur\u00e9e de conservation \u00e0 6 ans \u00e0 compter du dernier contact.<\/p><h3 class=\"wp-block-heading\">Transmission de vos donn\u00e9es personnelles<\/h3><p>Sans votre consentement, nous ne divulguons, ni ne vendons, ni ne partageons aucune de vos donn\u00e9es quelle qu\u2019elle soit avec les tiers avec lesquels nous travaillons (prestataires, fournisseurs, clients, etc.). Cela vaut pour toutes vos donn\u00e9es personnelles (nom, pr\u00e9nom, email, adresse, t\u00e9l\u00e9phone\u2026 etc.).<\/p><p>Les donn\u00e9es personnelles peuvent \u00eatre amen\u00e9es \u00e0 \u00eatre partag\u00e9es mais uniquement \u00e0 votre demande lorsque vous faites appel \u00e0 un tiers ou \u00e0 un service partenaire propos\u00e9.<\/p><h3 class=\"wp-block-heading\">Les droits que vous avez sur vos donn\u00e9es<\/h3><p>Conform\u00e9ment au R\u00e8glement G\u00e9n\u00e9ral sur la Protection des Donn\u00e9es (RGPD), toute personne peut exercer son droit d\u2019acc\u00e8s, de rectification, d\u2019opposition, \u00e0 la limite des traitements, \u00e0 la suppression et la portabilit\u00e9 des donn\u00e9es le concernant en en faisant la demande&nbsp;:<\/p><ul class=\"wp-block-list\"><li>Par courrier&nbsp;sign\u00e9 avec photocopie de votre pi\u00e8ce d\u2019identit\u00e9 (ces informations ne seront biens\u00fbr pas conserv\u00e9es ni r\u00e9utilis\u00e9es \u00e0 d\u2019autres fin) \u00e0&nbsp;: &nbsp;R\u00eaves de Mer, protection des donn\u00e9es, 3 place de la Mairie, 29890 Ploun\u00e9our-Trez<\/li><li>Par e-mail&nbsp;: communication.web[at]revesdemer.com<\/li><li>Par le formulaire d\u00e9di\u00e9 \u00e0 la gestion des donn\u00e9es&nbsp;:&nbsp;<a href=\"https:\/\/www.revesdemer.com\/message-en-lien-avec-la-rgpd\/\" target=\"_blank\" rel=\"noreferrer noopener\">cliquez ici.<\/a><\/li><\/ul><p>R\u00eaves de Mer s\u2019engage \u00e0 traiter votre demande et vous faire une r\u00e9ponse au plus tard dans le mois suivant la demande d\u2019acc\u00e8s ou de rectification.<\/p><p><\/p><h2 class=\"wp-block-heading\">Politique d\u2019utilisation des cookies<\/h2><h3 class=\"wp-block-heading\">Que sont les cookies ?<\/h3><p>Cette rubrique vous permet d\u2019en savoir plus sur ce que sont les cookies et l\u2019usage des informations de navigation trait\u00e9es lors de votre consultation sur notre site internet.<\/p><p>Lors de votre consultation de notre site internet, des informations relatives \u00e0 votre navigation sont susceptibles d\u2019\u00eatre enregistr\u00e9es dans des fichiers \u00ab&nbsp;cookies&nbsp;\u00bb install\u00e9s sur votre terminal (ordinateur, tablette, smartphone\u2026).<\/p><p>Pour tout savoir sur les cookies, vos traces, vos droits, cliquez ici :&nbsp;<a href=\"https:\/\/www.cnil.fr\/fr\/maitriser-mes-donnees\" target=\"_blank\" rel=\"noreferrer noopener\">https:\/\/www.cnil.fr\/fr\/maitriser-mes-donnees<\/a><\/p><p>La CNIL d\u00e9finit les cookies comme \u00e9tant : \u00ab&nbsp;l\u2019ensemble des traceurs d\u00e9pos\u00e9s et \/ ou lus, par exemple, lors de la consultation d\u2019un site internet, de la lecture d\u2019un courrier \u00e9lectronique, de l\u2019installation ou de l\u2019utilisation d\u2019un logiciel ou d\u2019une application mobile&nbsp;\u00bb.<\/p><h3 class=\"wp-block-heading\">Quels sont les diff\u00e9rents types de cookies que nous \u00e9mettons&nbsp;?<\/h3><p>Ces cookies que nous installons dans votre terminal nous permettent de reconna\u00eetre votre navigateur lorsque vous vous connectez \u00e0 notre site. Nous \u00e9mettons des cookies pour&nbsp;:<\/p><ul class=\"wp-block-list\"><li>\u00c9tablir des statistiques de fr\u00e9quentation (nombre de visites, de pages vues, d\u2019abandon dans le processus de saisie de formulaire, etc.) pour suivre et am\u00e9liorer la qualit\u00e9 de notre site internet. Ces statistiques passent notamment par des cookies tiers d\u00e9pos\u00e9s sur votre terminal par Google Analytics lorsque vous naviguez sur notre site.<\/li><li>Adapter la pr\u00e9sentation de notre site aux pr\u00e9f\u00e9rences d\u2019affichage de votre terminal.<\/li><li>M\u00e9moriser des informations saisies dans nos formulaires,<\/li><li>Vous fournir du contenu en rapport avec vos centres d\u2019int\u00e9r\u00eats et de personnaliser les offres que nous vous adressons.<\/li><\/ul><p><a href=\"https:\/\/revesdemer.com\/\">https:\/\/revesdemer.com<\/a>&nbsp;est \u00e9galement susceptible d\u2019utiliser des pop-up et boutons de partage vers les r\u00e9seaux sociaux, par exemple Facebook.&nbsp;Nous vous invitons \u00e0 consulter les r\u00e8gles de gestion des donn\u00e9es personnelles sur Facebook :&nbsp;<a href=\"https:\/\/www.facebook.com\/help\/cookies\/\">https:\/\/www.facebook.com\/help\/cookies\/<\/a><\/p><p>D\u00e9sactiver ces cookies emp\u00eache donc toute interaction avec les r\u00e9seaux sociaux.<\/p><h3 class=\"wp-block-heading\">Comment puis-je d\u00e9sactiver ou supprimer les cookies ?<\/h3><p>La proc\u00e9dure est diff\u00e9rente selon le navigateur que vous utilisez :<\/p><ul class=\"wp-block-list\"><li>Internet explorer :&nbsp;<a href=\"https:\/\/support.microsoft.com\/fr-fr\/help\/17442\/windows-internet-explorer-delete-manage-cookies\" target=\"_blank\" rel=\"noreferrer noopener\">https:\/\/support.microsoft.com\/fr-fr\/help\/17442\/windows-internet-explorer-delete-manage-cookies<\/a><\/li><li>Google Chrome :&nbsp;<a href=\"https:\/\/support.google.com\/chrome\/answer\/95647?co=GENIE.Platform%3DDesktop&amp;hl=fr\" target=\"_blank\" rel=\"noreferrer noopener\">https:\/\/support.google.com\/chrome\/answer\/95647?co=GENIE.Platform%3DDesktop&amp;hl=fr<\/a><\/li><li>Mozilla Firefox :&nbsp;<a href=\"https:\/\/support.mozilla.org\/en-US\/kb\/enable-and-disable-cookies-website-preferences\" target=\"_blank\" rel=\"noreferrer noopener\">https:\/\/support.mozilla.org\/en-US\/kb\/enable-and-disable-cookies-website-preferences<\/a><\/li><li>Apple Safari : https:\/\/support.apple.com\/kb\/ph21411?locale=fr_CA<\/li><\/ul><h2 class=\"wp-block-heading\">Liens externes<\/h2><p>Le site&nbsp;<a href=\"https:\/\/www.revesdemer.com\/\">https:\/\/www.revesdemer.com<\/a>&nbsp;pointe vers de nombreux autres sites web. R\u00eaves de Mer ne peut en aucun cas \u00eatre tenu pour responsable des contenus et politique de confidentialit\u00e9 de ces sites. R\u00eaves de Mer ne saurait non plus \u00eatre tenu pour responsable d\u2019\u00e9ventuels dommages directs ou indirects qui d\u00e9couleraient de leur utilisation : en particulier de l\u2019acc\u00e8s \u00e0 ces sites et aux sites li\u00e9s \u00e0 ces sites, et des dommages, non limitatifs, pr\u00e9judices financier ou commercial, perte d\u2019exploitation, perte de donn\u00e9es, et cela m\u00eame si nous avons pu en \u00eatre avis\u00e9 pr\u00e9alablement.<\/p>","protected":false},"excerpt":{"rendered":"<p>Protection des donn\u00e9es personnelles En conformit\u00e9 avec le&nbsp;R\u00e8glement G\u00e9n\u00e9ral sur la Protection des Donn\u00e9es (RGPD)&nbsp;entr\u00e9 en vigueur de 25 mai 2018, les utilisateurs du site www.revesdemer.com peuvent contacter le propri\u00e9taire du site par courriel \u00e0 communication.web[at]revesdemer.com ou utiliser le formulaire de contact d\u00e9di\u00e9 \u00e0 la gestion des donn\u00e9es personnelles&nbsp;en cliquant ici. Ce site propose plusieurs [&hellip;]<\/p>\n","protected":false},"author":1,"featured_media":1111,"parent":0,"menu_order":0,"comment_status":"closed","ping_status":"closed","template":"","meta":{"_acf_changed":false,"footnotes":""},"class_list":["post-1263","page","type-page","status-publish","has-post-thumbnail","hentry"],"acf":[],"yoast_head":"<!-- This site is optimized with the Yoast SEO plugin v23.8 - https:\/\/yoast.com\/wordpress\/plugins\/seo\/ -->\n<title>Politique de confidentialit\u00e9 - Cottage - R\u00eaves de mer<\/title>\n<meta name=\"robots\" content=\"index, follow, max-snippet:-1, max-image-preview:large, max-video-preview:-1\" \/>\n<link rel=\"canonical\" href=\"https:\/\/www.revesdemer.com\/cottage\/politique-de-confidentialite\/\" \/>\n<meta property=\"og:locale\" content=\"fr_FR\" \/>\n<meta property=\"og:type\" content=\"article\" \/>\n<meta property=\"og:title\" content=\"Politique de confidentialit\u00e9 - Cottage - R\u00eaves de mer\" \/>\n<meta property=\"og:description\" content=\"Protection des donn\u00e9es personnelles En conformit\u00e9 avec le&nbsp;R\u00e8glement G\u00e9n\u00e9ral sur la Protection des Donn\u00e9es (RGPD)&nbsp;entr\u00e9 en vigueur de 25 mai 2018, les utilisateurs du site www.revesdemer.com peuvent contacter le propri\u00e9taire du site par courriel \u00e0 communication.web[at]revesdemer.com ou utiliser le formulaire de contact d\u00e9di\u00e9 \u00e0 la gestion des donn\u00e9es personnelles&nbsp;en cliquant ici. Ce site propose plusieurs [&hellip;]\" \/>\n<meta property=\"og:url\" content=\"https:\/\/www.revesdemer.com\/cottage\/politique-de-confidentialite\/\" \/>\n<meta property=\"og:site_name\" content=\"Cottage - R\u00eaves de mer\" \/>\n<meta property=\"article:modified_time\" content=\"2021-05-27T08:59:18+00:00\" \/>\n<meta property=\"og:image\" content=\"https:\/\/www.revesdemer.com\/cottage\/wp-content\/uploads\/sites\/4\/2019\/08\/gite-grande-capacite-finistere-nord-3-1.jpg\" \/>\n\t<meta property=\"og:image:width\" content=\"1200\" \/>\n\t<meta property=\"og:image:height\" content=\"633\" \/>\n\t<meta property=\"og:image:type\" content=\"image\/jpeg\" \/>\n<meta name=\"twitter:card\" content=\"summary_large_image\" \/>\n<meta name=\"twitter:label1\" content=\"Dur\u00e9e de lecture estim\u00e9e\" \/>\n\t<meta name=\"twitter:data1\" content=\"5 minutes\" \/>\n<script type=\"application\/ld+json\" class=\"yoast-schema-graph\">{\"@context\":\"https:\/\/schema.org\",\"@graph\":[{\"@type\":\"WebPage\",\"@id\":\"https:\/\/www.revesdemer.com\/cottage\/politique-de-confidentialite\/\",\"url\":\"https:\/\/www.revesdemer.com\/cottage\/politique-de-confidentialite\/\",\"name\":\"Politique de confidentialit\u00e9 - Cottage - R\u00eaves de mer\",\"isPartOf\":{\"@id\":\"https:\/\/www.revesdemer.com\/cottage\/#website\"},\"primaryImageOfPage\":{\"@id\":\"https:\/\/www.revesdemer.com\/cottage\/politique-de-confidentialite\/#primaryimage\"},\"image\":{\"@id\":\"https:\/\/www.revesdemer.com\/cottage\/politique-de-confidentialite\/#primaryimage\"},\"thumbnailUrl\":\"https:\/\/www.revesdemer.com\/cottage\/wp-content\/uploads\/sites\/4\/2019\/08\/gite-grande-capacite-finistere-nord-3-1.jpg\",\"datePublished\":\"2021-05-27T08:59:17+00:00\",\"dateModified\":\"2021-05-27T08:59:18+00:00\",\"breadcrumb\":{\"@id\":\"https:\/\/www.revesdemer.com\/cottage\/politique-de-confidentialite\/#breadcrumb\"},\"inLanguage\":\"fr-FR\",\"potentialAction\":[{\"@type\":\"ReadAction\",\"target\":[\"https:\/\/www.revesdemer.com\/cottage\/politique-de-confidentialite\/\"]}]},{\"@type\":\"ImageObject\",\"inLanguage\":\"fr-FR\",\"@id\":\"https:\/\/www.revesdemer.com\/cottage\/politique-de-confidentialite\/#primaryimage\",\"url\":\"https:\/\/www.revesdemer.com\/cottage\/wp-content\/uploads\/sites\/4\/2019\/08\/gite-grande-capacite-finistere-nord-3-1.jpg\",\"contentUrl\":\"https:\/\/www.revesdemer.com\/cottage\/wp-content\/uploads\/sites\/4\/2019\/08\/gite-grande-capacite-finistere-nord-3-1.jpg\",\"width\":1200,\"height\":633},{\"@type\":\"BreadcrumbList\",\"@id\":\"https:\/\/www.revesdemer.com\/cottage\/politique-de-confidentialite\/#breadcrumb\",\"itemListElement\":[{\"@type\":\"ListItem\",\"position\":1,\"name\":\"Cottage\",\"item\":\"https:\/\/www.revesdemer.com\/cottage\/\"},{\"@type\":\"ListItem\",\"position\":2,\"name\":\"Politique de confidentialit\u00e9\"}]},{\"@type\":\"WebSite\",\"@id\":\"https:\/\/www.revesdemer.com\/cottage\/#website\",\"url\":\"https:\/\/www.revesdemer.com\/cottage\/\",\"name\":\"Cottage - R\u00eaves de mer\",\"description\":\"Un site utilisant Les marques de R\u00eaves de mer\",\"publisher\":{\"@id\":\"https:\/\/www.revesdemer.com\/cottage\/#organization\"},\"potentialAction\":[{\"@type\":\"SearchAction\",\"target\":{\"@type\":\"EntryPoint\",\"urlTemplate\":\"https:\/\/www.revesdemer.com\/cottage\/?s={search_term_string}\"},\"query-input\":{\"@type\":\"PropertyValueSpecification\",\"valueRequired\":true,\"valueName\":\"search_term_string\"}}],\"inLanguage\":\"fr-FR\"},{\"@type\":\"Organization\",\"@id\":\"https:\/\/www.revesdemer.com\/cottage\/#organization\",\"name\":\"Cottage - R\u00eaves de mer\",\"url\":\"https:\/\/www.revesdemer.com\/cottage\/\",\"logo\":{\"@type\":\"ImageObject\",\"inLanguage\":\"fr-FR\",\"@id\":\"https:\/\/www.revesdemer.com\/cottage\/#\/schema\/logo\/image\/\",\"url\":\"https:\/\/www.revesdemer.com\/cottage\/wp-content\/uploads\/sites\/4\/2019\/12\/Cottage-galet-byRDM-e1576589352559.png\",\"contentUrl\":\"https:\/\/www.revesdemer.com\/cottage\/wp-content\/uploads\/sites\/4\/2019\/12\/Cottage-galet-byRDM-e1576589352559.png\",\"width\":600,\"height\":242,\"caption\":\"Cottage - R\u00eaves de mer\"},\"image\":{\"@id\":\"https:\/\/www.revesdemer.com\/cottage\/#\/schema\/logo\/image\/\"}}]}<\/script>\n<!-- \/ Yoast SEO plugin. -->","yoast_head_json":{"title":"Politique de confidentialit\u00e9 - Cottage - R\u00eaves de mer","robots":{"index":"index","follow":"follow","max-snippet":"max-snippet:-1","max-image-preview":"max-image-preview:large","max-video-preview":"max-video-preview:-1"},"canonical":"https:\/\/www.revesdemer.com\/cottage\/politique-de-confidentialite\/","og_locale":"fr_FR","og_type":"article","og_title":"Politique de confidentialit\u00e9 - Cottage - R\u00eaves de mer","og_description":"Protection des donn\u00e9es personnelles En conformit\u00e9 avec le&nbsp;R\u00e8glement G\u00e9n\u00e9ral sur la Protection des Donn\u00e9es (RGPD)&nbsp;entr\u00e9 en vigueur de 25 mai 2018, les utilisateurs du site www.revesdemer.com peuvent contacter le propri\u00e9taire du site par courriel \u00e0 communication.web[at]revesdemer.com ou utiliser le formulaire de contact d\u00e9di\u00e9 \u00e0 la gestion des donn\u00e9es personnelles&nbsp;en cliquant ici. Ce site propose plusieurs [&hellip;]","og_url":"https:\/\/www.revesdemer.com\/cottage\/politique-de-confidentialite\/","og_site_name":"Cottage - R\u00eaves de mer","article_modified_time":"2021-05-27T08:59:18+00:00","og_image":[{"width":1200,"height":633,"url":"https:\/\/www.revesdemer.com\/cottage\/wp-content\/uploads\/sites\/4\/2019\/08\/gite-grande-capacite-finistere-nord-3-1.jpg","type":"image\/jpeg"}],"twitter_card":"summary_large_image","twitter_misc":{"Dur\u00e9e de lecture estim\u00e9e":"5 minutes"},"schema":{"@context":"https:\/\/schema.org","@graph":[{"@type":"WebPage","@id":"https:\/\/www.revesdemer.com\/cottage\/politique-de-confidentialite\/","url":"https:\/\/www.revesdemer.com\/cottage\/politique-de-confidentialite\/","name":"Politique de confidentialit\u00e9 - Cottage - R\u00eaves de mer","isPartOf":{"@id":"https:\/\/www.revesdemer.com\/cottage\/#website"},"primaryImageOfPage":{"@id":"https:\/\/www.revesdemer.com\/cottage\/politique-de-confidentialite\/#primaryimage"},"image":{"@id":"https:\/\/www.revesdemer.com\/cottage\/politique-de-confidentialite\/#primaryimage"},"thumbnailUrl":"https:\/\/www.revesdemer.com\/cottage\/wp-content\/uploads\/sites\/4\/2019\/08\/gite-grande-capacite-finistere-nord-3-1.jpg","datePublished":"2021-05-27T08:59:17+00:00","dateModified":"2021-05-27T08:59:18+00:00","breadcrumb":{"@id":"https:\/\/www.revesdemer.com\/cottage\/politique-de-confidentialite\/#breadcrumb"},"inLanguage":"fr-FR","potentialAction":[{"@type":"ReadAction","target":["https:\/\/www.revesdemer.com\/cottage\/politique-de-confidentialite\/"]}]},{"@type":"ImageObject","inLanguage":"fr-FR","@id":"https:\/\/www.revesdemer.com\/cottage\/politique-de-confidentialite\/#primaryimage","url":"https:\/\/www.revesdemer.com\/cottage\/wp-content\/uploads\/sites\/4\/2019\/08\/gite-grande-capacite-finistere-nord-3-1.jpg","contentUrl":"https:\/\/www.revesdemer.com\/cottage\/wp-content\/uploads\/sites\/4\/2019\/08\/gite-grande-capacite-finistere-nord-3-1.jpg","width":1200,"height":633},{"@type":"BreadcrumbList","@id":"https:\/\/www.revesdemer.com\/cottage\/politique-de-confidentialite\/#breadcrumb","itemListElement":[{"@type":"ListItem","position":1,"name":"Cottage","item":"https:\/\/www.revesdemer.com\/cottage\/"},{"@type":"ListItem","position":2,"name":"Politique de confidentialit\u00e9"}]},{"@type":"WebSite","@id":"https:\/\/www.revesdemer.com\/cottage\/#website","url":"https:\/\/www.revesdemer.com\/cottage\/","name":"Cottage - R\u00eaves de mer","description":"Un site utilisant Les marques de R\u00eaves de mer","publisher":{"@id":"https:\/\/www.revesdemer.com\/cottage\/#organization"},"potentialAction":[{"@type":"SearchAction","target":{"@type":"EntryPoint","urlTemplate":"https:\/\/www.revesdemer.com\/cottage\/?s={search_term_string}"},"query-input":{"@type":"PropertyValueSpecification","valueRequired":true,"valueName":"search_term_string"}}],"inLanguage":"fr-FR"},{"@type":"Organization","@id":"https:\/\/www.revesdemer.com\/cottage\/#organization","name":"Cottage - R\u00eaves de mer","url":"https:\/\/www.revesdemer.com\/cottage\/","logo":{"@type":"ImageObject","inLanguage":"fr-FR","@id":"https:\/\/www.revesdemer.com\/cottage\/#\/schema\/logo\/image\/","url":"https:\/\/www.revesdemer.com\/cottage\/wp-content\/uploads\/sites\/4\/2019\/12\/Cottage-galet-byRDM-e1576589352559.png","contentUrl":"https:\/\/www.revesdemer.com\/cottage\/wp-content\/uploads\/sites\/4\/2019\/12\/Cottage-galet-byRDM-e1576589352559.png","width":600,"height":242,"caption":"Cottage - R\u00eaves de mer"},"image":{"@id":"https:\/\/www.revesdemer.com\/cottage\/#\/schema\/logo\/image\/"}}]}},"_links":{"self":[{"href":"https:\/\/www.revesdemer.com\/cottage\/wp-json\/wp\/v2\/pages\/1263"}],"collection":[{"href":"https:\/\/www.revesdemer.com\/cottage\/wp-json\/wp\/v2\/pages"}],"about":[{"href":"https:\/\/www.revesdemer.com\/cottage\/wp-json\/wp\/v2\/types\/page"}],"author":[{"embeddable":true,"href":"https:\/\/www.revesdemer.com\/cottage\/wp-json\/wp\/v2\/users\/1"}],"replies":[{"embeddable":true,"href":"https:\/\/www.revesdemer.com\/cottage\/wp-json\/wp\/v2\/comments?post=1263"}],"version-history":[{"count":1,"href":"https:\/\/www.revesdemer.com\/cottage\/wp-json\/wp\/v2\/pages\/1263\/revisions"}],"predecessor-version":[{"id":1264,"href":"https:\/\/www.revesdemer.com\/cottage\/wp-json\/wp\/v2\/pages\/1263\/revisions\/1264"}],"wp:featuredmedia":[{"embeddable":true,"href":"https:\/\/www.revesdemer.com\/cottage\/wp-json\/wp\/v2\/media\/1111"}],"wp:attachment":[{"href":"https:\/\/www.revesdemer.com\/cottage\/wp-json\/wp\/v2\/media?parent=1263"}],"curies":[{"name":"wp","href":"https:\/\/api.w.org\/{rel}","templated":true}]}}